{"id":549,"date":"2015-11-20T05:04:53","date_gmt":"2015-11-20T05:04:53","guid":{"rendered":"http:\/\/cdn.logistics.stylemixthemes.com\/demo\/?page_id=549"},"modified":"2018-12-30T14:31:48","modified_gmt":"2018-12-30T13:31:48","slug":"our-team-grid","status":"publish","type":"page","link":"http:\/\/tristar-logistics.com\/index.php\/our-team-grid\/","title":{"rendered":"Notre \u00e9quipe"},"content":{"rendered":"<p>[vc_row css=\u00a0\u00bb.vc_custom_1449143045313{margin-bottom: 20px !important;}\u00a0\u00bb][vc_column width=\u00a0\u00bb1\/3&Prime;][vc_custom_heading text=\u00a0\u00bbRencontrer notre \u00e9quipe d&rsquo;expert\u00a0\u00bb use_theme_fonts=\u00a0\u00bbyes\u00a0\u00bb css=\u00a0\u00bb.vc_custom_1546176076773{margin-bottom: 40px !important;}\u00a0\u00bb][\/vc_column][vc_column width=\u00a0\u00bb2\/3&Prime; css=\u00a0\u00bb.vc_custom_1449143050295{margin-bottom: 30px !important;}\u00a0\u00bb][vc_column_text]Notre \u00e9quipe et notre mod\u00e8le de gestion et d&rsquo;organisation nous permettent de vous offrir un excellent service avec des solution adapt\u00e9es, un service de qualit\u00e9 et des livraison ponctuelles.<\/p>\n<p>Pour vous, nos collaborateurs form\u00e9s chacun dans son domaine et m\u00e9tier r\u00e9agissent rapidement a vos demandes pour maintenir le, niveau de service toujours \u00e0 la pointe.[\/vc_column_text][\/vc_column][\/vc_row][vc_row css=\u00a0\u00bb.vc_custom_1448000929840{margin-bottom: 100px !important;}\u00a0\u00bb][vc_column][stm_staff_list style=\u00a0\u00bbgrid\u00a0\u00bb per_row=\u00a0\u00bb3&Prime; count=\u00a0\u00bb6&Prime;][\/vc_column][\/vc_row][vc_row full_width=\u00a0\u00bbstretch_row\u00a0\u00bb css=\u00a0\u00bb.vc_custom_1450672229543{margin-bottom: 0px !important;padding-top: 78px !important;padding-bottom: 48px !important;}\u00a0\u00bb el_class=\u00a0\u00bbsecondary_bg_color\u00a0\u00bb][vc_column width=\u00a0\u00bb1\/2&Prime; offset=\u00a0\u00bbvc_col-lg-3 vc_col-md-3&Prime; css=\u00a0\u00bb.vc_custom_1449142338264{margin-bottom: 30px !important;}\u00a0\u00bb][stm_counter counter_value=\u00a0\u00bb320&Prime; drawing=\u00a0\u00bbyes\u00a0\u00bb icon_width_svg=\u00a0\u00bb65&Prime; icon_size=\u00a0\u00bb64&Prime; title=\u00a0\u00bbProjects Done\u00a0\u00bb drawing_icon=\u00a0\u00bbstm-projects-done\u00a0\u00bb icon_color=\u00a0\u00bb#ffffff\u00a0\u00bb][\/vc_column][vc_column width=\u00a0\u00bb1\/2&Prime; offset=\u00a0\u00bbvc_col-lg-3 vc_col-md-3&Prime; css=\u00a0\u00bb.vc_custom_1449142329000{margin-bottom: 30px !important;}\u00a0\u00bb][stm_counter counter_value=\u00a0\u00bb72&Prime; drawing=\u00a0\u00bbyes\u00a0\u00bb icon_width_svg=\u00a0\u00bb64&Prime; icon_size=\u00a0\u00bb68&Prime; title=\u00a0\u00bbClients Worldwide\u00a0\u00bb drawing_icon=\u00a0\u00bbstm-clients-worldwide\u00a0\u00bb icon_color=\u00a0\u00bb#ffffff\u00a0\u00bb][\/vc_column][vc_column width=\u00a0\u00bb1\/2&Prime; offset=\u00a0\u00bbvc_col-lg-3 vc_col-md-3&Prime; css=\u00a0\u00bb.vc_custom_1449142343672{margin-bottom: 30px !important;}\u00a0\u00bb][stm_counter counter_value=\u00a0\u00bb153&Prime; drawing=\u00a0\u00bbyes\u00a0\u00bb icon_width=\u00a0\u00bb80&Prime; icon_width_svg=\u00a0\u00bb52&Prime; icon_size=\u00a0\u00bb67&Prime; title=\u00a0\u00bbOwned Vehicles\u00a0\u00bb drawing_icon=\u00a0\u00bbstm-owned-vehicles\u00a0\u00bb icon_color=\u00a0\u00bb#ffffff\u00a0\u00bb][\/vc_column][vc_column width=\u00a0\u00bb1\/2&Prime; offset=\u00a0\u00bbvc_col-lg-3 vc_col-md-3&Prime; css=\u00a0\u00bb.vc_custom_1449142350247{margin-bottom: 30px !important;}\u00a0\u00bb][stm_counter counter_value=\u00a0\u00bb114&Prime; drawing=\u00a0\u00bbyes\u00a0\u00bb icon_width=\u00a0\u00bb100&Prime; icon_width_svg=\u00a0\u00bb68&Prime; icon_size=\u00a0\u00bb67&Prime; title=\u00a0\u00bbPeople in Team\u00a0\u00bb drawing_icon=\u00a0\u00bbstm-people-in-team\u00a0\u00bb icon_color=\u00a0\u00bb#ffffff\u00a0\u00bb][\/vc_column][\/vc_row]<\/p>\n","protected":false},"excerpt":{"rendered":"<p>[vc_row css=\u00a0\u00bb.vc_custom_1449143045313{margin-bottom: 20px !important;}\u00a0\u00bb][vc_column width=\u00a0\u00bb1\/3&Prime;][vc_custom_heading text=\u00a0\u00bbRencontrer notre \u00e9quipe d&rsquo;expert\u00a0\u00bb use_theme_fonts=\u00a0\u00bbyes\u00a0\u00bb css=\u00a0\u00bb.vc_custom_1546176076773{margin-bottom: 40px !important;}\u00a0\u00bb][\/vc_column][vc_column width=\u00a0\u00bb2\/3&Prime; css=\u00a0\u00bb.vc_custom_1449143050295{margin-bottom: 30px !important;}\u00a0\u00bb][vc_column_text]Notre \u00e9quipe et notre mod\u00e8le de gestion et d&rsquo;organisation nous permettent de vous offrir un excellent service&#8230;<\/p>\n","protected":false},"author":1,"featured_media":0,"parent":0,"menu_order":0,"comment_status":"closed","ping_status":"closed","template":"","meta":[],"_links":{"self":[{"href":"http:\/\/tristar-logistics.com\/index.php\/wp-json\/wp\/v2\/pages\/549"}],"collection":[{"href":"http:\/\/tristar-logistics.com\/index.php\/wp-json\/wp\/v2\/pages"}],"about":[{"href":"http:\/\/tristar-logistics.com\/index.php\/wp-json\/wp\/v2\/types\/page"}],"author":[{"embeddable":true,"href":"http:\/\/tristar-logistics.com\/index.php\/wp-json\/wp\/v2\/users\/1"}],"replies":[{"embeddable":true,"href":"http:\/\/tristar-logistics.com\/index.php\/wp-json\/wp\/v2\/comments?post=549"}],"version-history":[{"count":3,"href":"http:\/\/tristar-logistics.com\/index.php\/wp-json\/wp\/v2\/pages\/549\/revisions"}],"predecessor-version":[{"id":1379,"href":"http:\/\/tristar-logistics.com\/index.php\/wp-json\/wp\/v2\/pages\/549\/revisions\/1379"}],"wp:attachment":[{"href":"http:\/\/tristar-logistics.com\/index.php\/wp-json\/wp\/v2\/media?parent=549"}],"curies":[{"name":"wp","href":"https:\/\/api.w.org\/{rel}","templated":true}]}}