{"id":618,"date":"2015-10-21T07:42:32","date_gmt":"2015-10-21T07:42:32","guid":{"rendered":"http:\/\/cdn.logistics.stylemixthemes.com\/demo\/?page_id=2"},"modified":"2020-01-29T08:42:23","modified_gmt":"2020-01-29T07:42:23","slug":"home","status":"publish","type":"page","link":"https:\/\/tristar-logistics.com\/","title":{"rendered":"Home"},"content":{"rendered":"<p>[vc_row full_width=\u00a0\u00bbstretch_row_content_no_spaces\u00a0\u00bb css=\u00a0\u00bb.vc_custom_1445941555299{margin-bottom: 0px !important;}\u00a0\u00bb][vc_column offset=\u00a0\u00bbvc_hidden-xs\u00a0\u00bb][rev_slider_vc alias=\u00a0\u00bbboxed-slider\u00a0\u00bb][\/vc_column][\/vc_row][vc_row full_width=\u00a0\u00bbstretch_row\u00a0\u00bb el_class=\u00a0\u00bbbase_bg_color no_overflow_hidden\u00a0\u00bb css=\u00a0\u00bb.vc_custom_1448432556856{margin-bottom: 80px !important;}\u00a0\u00bb][vc_column width=\u00a0\u00bb1\/4&Prime; offset=\u00a0\u00bbvc_hidden-xs\u00a0\u00bb][stm_rev_slider_nav title=\u00a0\u00bbTRANSPORT\u00a0\u00bb icon=\u00a0\u00bbstm-transport842&Prime; slide_number=\u00a0\u00bb1&Prime;][\/vc_column][vc_column width=\u00a0\u00bb1\/4&Prime; offset=\u00a0\u00bbvc_hidden-xs\u00a0\u00bb][stm_rev_slider_nav title=\u00a0\u00bbLOGISTIQUE\u00a0\u00bb icon=\u00a0\u00bbstm-transport839&Prime; slide_number=\u00a0\u00bb2&Prime;][\/vc_column][vc_column width=\u00a0\u00bb1\/4&Prime; offset=\u00a0\u00bbvc_hidden-xs\u00a0\u00bb][stm_rev_slider_nav title=\u00a0\u00bbD\u00c9DOUANEMENT\u00a0\u00bb icon=\u00a0\u00bbstm-ship\u00a0\u00bb slide_number=\u00a0\u00bb3&Prime;][\/vc_column][vc_column width=\u00a0\u00bb1\/4&Prime; offset=\u00a0\u00bbvc_hidden-xs\u00a0\u00bb][stm_rev_slider_nav title=\u00a0\u00bbENTREPOSAGE\u00a0\u00bb icon=\u00a0\u00bbstm-warehouse\u00a0\u00bb slide_number=\u00a0\u00bb4&Prime;][\/vc_column][\/vc_row][vc_row css=\u00a0\u00bb.vc_custom_1450264294682{margin-bottom: 80px !important;}\u00a0\u00bb][vc_column][vc_row_inner][vc_column_inner width=\u00a0\u00bb1\/4&Prime;][vc_single_image image=\u00a0\u00bb1208&Prime; alignment=\u00a0\u00bbcenter\u00a0\u00bb style=\u00a0\u00bbvc_box_circle_2&Prime; css=\u00a0\u00bb.vc_custom_1546033287125{padding-top: 45px !important;}\u00a0\u00bb][\/vc_column_inner][vc_column_inner width=\u00a0\u00bb3\/4&Prime;][vc_column_text]<\/p>\n<h2><span style=\"font-weight: 300;\">Qui somme nous<\/span><\/h2>\n<p style=\"text-align: justify;\">Nous sommes est une entreprise depuis longtemps connue pour son excellent service et son soucis du d\u00e9tail.\u00a0Actrice tr\u00e8s active dans le domaine, notre soucis majeur est de satisfaire nos clients \u00e0 travers un accompagnement de qualit\u00e9. Nous nous engageons \u00e0 vous offrir la solution que vous attendez.<\/p>\n<p>[\/vc_column_text][\/vc_column_inner][\/vc_row_inner][\/vc_column][vc_column css=\u00a0\u00bb.vc_custom_1546035745012{margin-top: 40px !important;}\u00a0\u00bb][vc_row_inner][vc_column_inner][vc_custom_heading text=\u00a0\u00bbPourquoi TRISTAR ?!!\u00a0\u00bb use_theme_fonts=\u00a0\u00bbyes\u00a0\u00bb][\/vc_column_inner][\/vc_row_inner][vc_row_inner][vc_column_inner width=\u00a0\u00bb1\/3&Prime;][stm_icon drawing=\u00a0\u00bbyes\u00a0\u00bb icon_width_svg=\u00a0\u00bb60&Prime; icon_size=\u00a0\u00bb70&Prime; icon_height=\u00a0\u00bb72&Prime; title_font_size=\u00a0\u00bb14&Prime; title_font_weight=\u00a0\u00bb400&Prime; align=\u00a0\u00bbcenter\u00a0\u00bb drawing_icon=\u00a0\u00bbstm-ground-transport\u00a0\u00bb title_color=\u00a0\u00bb#1e73be\u00a0\u00bb text_color=\u00a0\u00bb#707070&Prime; icon_color=\u00a0\u00bb#ff4500&Prime;][vc_column_text]<\/p>\n<p style=\"text-align: center;\">La flotte TRISTAR \u00e0 votre disposition sur tout le territoire national et m\u00eame a l&rsquo;international.<\/p>\n<p>[\/vc_column_text][\/vc_column_inner][vc_column_inner width=\u00a0\u00bb1\/3&Prime;][stm_icon drawing=\u00a0\u00bbyes\u00a0\u00bb icon_width_svg=\u00a0\u00bb60&Prime; icon_size=\u00a0\u00bb70&Prime; icon_height=\u00a0\u00bb72&Prime; title_font_size=\u00a0\u00bb14&Prime; title_font_weight=\u00a0\u00bb400&Prime; align=\u00a0\u00bbcenter\u00a0\u00bb drawing_icon=\u00a0\u00bbstm-projects-done\u00a0\u00bb text_color=\u00a0\u00bb#707070&Prime; icon_color=\u00a0\u00bb#ff4500&Prime;][vc_column_text]<\/p>\n<p style=\"text-align: center;\">Notre connaissance accrue des lois et r\u00e9glementations en vigueur nous permettent une grande r\u00e9activit\u00e9.<\/p>\n<p>[\/vc_column_text][\/vc_column_inner][vc_column_inner width=\u00a0\u00bb1\/3&Prime;][stm_icon drawing=\u00a0\u00bbyes\u00a0\u00bb icon_width_svg=\u00a0\u00bb60&Prime; icon_size=\u00a0\u00bb70&Prime; icon_height=\u00a0\u00bb72&Prime; title_font_size=\u00a0\u00bb14&Prime; title_font_weight=\u00a0\u00bb400&Prime; align=\u00a0\u00bbcenter\u00a0\u00bb drawing_icon=\u00a0\u00bbstm-packaging-and-storage\u00a0\u00bb icon_color=\u00a0\u00bb#ff4500&Prime; text_color=\u00a0\u00bb#707070&Prime;][vc_column_text]<\/p>\n<p style=\"text-align: center;\">Nous proposons des services d&rsquo;entreposage, empotage et d\u00e9potage avec une \u00e9quipe d&rsquo;experts manutentionnaires.<\/p>\n<p>[\/vc_column_text][\/vc_column_inner][\/vc_row_inner][\/vc_column][\/vc_row][vc_row full_width=\u00a0\u00bbstretch_row\u00a0\u00bb css=\u00a0\u00bb.vc_custom_1540666748885{margin-bottom: 0px !important;padding-top: 40px !important;padding-bottom: 14px !important;}\u00a0\u00bb el_class=\u00a0\u00bbsecondary_bg_color\u00a0\u00bb][vc_column width=\u00a0\u00bb1\/2&Prime; offset=\u00a0\u00bbvc_col-lg-3 vc_col-md-3&Prime; css=\u00a0\u00bb.vc_custom_1449142338264{margin-bottom: 30px !important;}\u00a0\u00bb][stm_counter counter_value=\u00a0\u00bb320&Prime; drawing=\u00a0\u00bbyes\u00a0\u00bb icon_width_svg=\u00a0\u00bb65&Prime; icon_size=\u00a0\u00bb64&Prime; title=\u00a0\u00bbProjets r\u00e9alis\u00e9s\u00a0\u00bb drawing_icon=\u00a0\u00bbstm-logistic-services\u00a0\u00bb icon_color=\u00a0\u00bb#ff4500&Prime;][\/vc_column][vc_column width=\u00a0\u00bb1\/2&Prime; offset=\u00a0\u00bbvc_col-lg-3 vc_col-md-3&Prime; css=\u00a0\u00bb.vc_custom_1449142329000{margin-bottom: 30px !important;}\u00a0\u00bb][stm_counter counter_value=\u00a0\u00bb72&Prime; drawing=\u00a0\u00bbyes\u00a0\u00bb icon_width_svg=\u00a0\u00bb64&Prime; icon_size=\u00a0\u00bb68&Prime; title=\u00a0\u00bbClients satisfaits\u00a0\u00bb drawing_icon=\u00a0\u00bbstm-clients-worldwide\u00a0\u00bb icon_color=\u00a0\u00bb#ff4500&Prime;][\/vc_column][vc_column width=\u00a0\u00bb1\/2&Prime; offset=\u00a0\u00bbvc_col-lg-3 vc_col-md-3&Prime; css=\u00a0\u00bb.vc_custom_1449142343672{margin-bottom: 30px !important;}\u00a0\u00bb][stm_counter counter_value=\u00a0\u00bb53&Prime; drawing=\u00a0\u00bbyes\u00a0\u00bb icon_width=\u00a0\u00bb80&Prime; icon_width_svg=\u00a0\u00bb52&Prime; icon_size=\u00a0\u00bb67&Prime; title=\u00a0\u00bbV\u00e9hicules\u00a0\u00bb drawing_icon=\u00a0\u00bbstm-owned-vehicles\u00a0\u00bb icon_color=\u00a0\u00bb#ff4500&Prime;][\/vc_column][vc_column width=\u00a0\u00bb1\/2&Prime; offset=\u00a0\u00bbvc_col-lg-3 vc_col-md-3&Prime; css=\u00a0\u00bb.vc_custom_1449142350247{margin-bottom: 30px !important;}\u00a0\u00bb][stm_counter counter_value=\u00a0\u00bb114&Prime; drawing=\u00a0\u00bbyes\u00a0\u00bb icon_width=\u00a0\u00bb100&Prime; icon_width_svg=\u00a0\u00bb68&Prime; icon_size=\u00a0\u00bb67&Prime; title=\u00a0\u00bbCollaborateurs\u00a0\u00bb drawing_icon=\u00a0\u00bbstm-people-in-team\u00a0\u00bb icon_color=\u00a0\u00bb#ff4500&Prime;][\/vc_column][\/vc_row][vc_row full_width=\u00a0\u00bbstretch_row\u00a0\u00bb content_placement=\u00a0\u00bbmiddle\u00a0\u00bb css=\u00a0\u00bb.vc_custom_1546189075226{margin-bottom: 0px !important;padding-top: 50px !important;padding-bottom: 40px !important;}\u00a0\u00bb el_class=\u00a0\u00bbbase_bg_color\u00a0\u00bb][vc_column][stm_services posts_per_page=\u00a0\u00bb5&Prime; autoplay=\u00a0\u00bbyes\u00a0\u00bb timeout=\u00a0\u00bb4000&Prime; items_tablet=\u00a0\u00bb3&Prime; items_normal=\u00a0\u00bb\u00a0\u00bb items_small=\u00a0\u00bb\u00a0\u00bb]<\/p>\n<h2><span style=\"color: #ffffff; font-weight: 300;\">Nos services<\/span><\/h2>\n<p><span class=\"style4\" style=\"color: #ffffff;\">Grace \u00e0 notre \u00e9quipe d&rsquo;experts dans le domaine, notre entreprise propose une panoplie de services con\u00e7us pour r\u00e9pondre aux besoins des partenaires les plus exigeants.<\/span>[\/stm_services][\/vc_column][\/vc_row][vc_row full_width=\u00a0\u00bbstretch_row\u00a0\u00bb equal_height=\u00a0\u00bbyes\u00a0\u00bb parallax=\u00a0\u00bbcontent-moving\u00a0\u00bb parallax_image=\u00a0\u00bb258&Prime; el_class=\u00a0\u00bbconvert_to_table overlay\u00a0\u00bb css=\u00a0\u00bb.vc_custom_1450765517736{margin-bottom: 80px !important;}\u00a0\u00bb][vc_column width=\u00a0\u00bb5\/12&Prime; css=\u00a0\u00bb.vc_custom_1546189148153{padding-top: 60px !important;padding-right: 0px !important;padding-bottom: 60px !important;}\u00a0\u00bb][vc_custom_heading text=\u00a0\u00bbAtteindre votre destination \u00a0\u00bb use_theme_fonts=\u00a0\u00bbyes\u00a0\u00bb el_class=\u00a0\u00bbbase_font_color heading_without_line\u00a0\u00bb][vc_column_text]<\/p>\n<p>Je suis un bloc de texte, cliquez sur le bouton \\\u00a0\u00bb\u00e9diter\\\u00a0\u00bb pour me modifier. Lorem ipsum dolor sit amet, consectetur adipiscing elit. Ut elit tellus, luctus nec ullamcorper mattis, pulvinar dapibus leo.<\/p>\n<p>[\/vc_column_text][vc_btn title=\u00a0\u00bbContact Now\u00a0\u00bb style=\u00a0\u00bbflat\u00a0\u00bb shape=\u00a0\u00bbround\u00a0\u00bb color=\u00a0\u00bbtheme_style_3&Prime; i_align=\u00a0\u00bbright\u00a0\u00bb i_icon_fontawesome=\u00a0\u00bbstm-arrow-next\u00a0\u00bb add_icon=\u00a0\u00bbtrue\u00a0\u00bb][\/vc_column][vc_column width=\u00a0\u00bb7\/12&Prime; css=\u00a0\u00bb.vc_custom_1546189156392{background-position: center !important;background-repeat: no-repeat !important;background-size: contain !important;}\u00a0\u00bb offset=\u00a0\u00bbvc_hidden-md vc_hidden-sm vc_hidden-xs\u00a0\u00bb][vc_row_inner el_class=\u00a0\u00bbreset-sm-paddings\u00a0\u00bb][vc_column_inner el_class=\u00a0\u00bbbase_bg_color\u00a0\u00bb css=\u00a0\u00bb.vc_custom_1450423858601{padding-top: 80px !important;padding-right: 40px !important;padding-bottom: 50px !important;padding-left: 40px !important;}\u00a0\u00bb][vc_custom_heading text=\u00a0\u00bbDemander un devis\u00a0\u00bb font_container=\u00a0\u00bbtag:h2|text_align:left|color:%23ffffff\u00a0\u00bb use_theme_fonts=\u00a0\u00bbyes\u00a0\u00bb]<div role=\"form\" class=\"wpcf7\" id=\"wpcf7-f208-o1\" lang=\"en-US\" dir=\"ltr\">\n<div class=\"screen-reader-response\"><p role=\"status\" aria-live=\"polite\" aria-atomic=\"true\"><\/p> <ul><\/ul><\/div>\n<form action=\"\/index.php\/wp-json\/wp\/v2\/pages\/618#wpcf7-f208-o1\" method=\"post\" class=\"wpcf7-form init\" novalidate=\"novalidate\" data-status=\"init\">\n<div style=\"display: none;\">\n<input type=\"hidden\" name=\"_wpcf7\" value=\"208\" \/>\n<input type=\"hidden\" name=\"_wpcf7_version\" value=\"5.3.2\" \/>\n<input type=\"hidden\" name=\"_wpcf7_locale\" value=\"en_US\" \/>\n<input type=\"hidden\" name=\"_wpcf7_unit_tag\" value=\"wpcf7-f208-o1\" \/>\n<input type=\"hidden\" name=\"_wpcf7_container_post\" value=\"0\" \/>\n<input type=\"hidden\" name=\"_wpcf7_posted_data_hash\" value=\"\" \/>\n<\/div>\n<div class=\"request_quote\">\n<div class=\"row\">\n<div class=\"col-lg-6 col-md-6 col-sm-6 col-xs-12\">\n<div class=\"input-group\">\n<span class=\"wpcf7-form-control-wrap freight_type\"><select name=\"freight_type\" class=\"wpcf7-form-control wpcf7-select\" aria-invalid=\"false\"><option value=\"\">Consulting<\/option><option value=\"Transport\">Transport<\/option><option value=\"D\u00e9douanement\">D\u00e9douanement<\/option><option value=\"Groupage\/D\u00e9groupage\">Groupage\/D\u00e9groupage<\/option><option value=\"Entreposage\">Entreposage<\/option><\/select><\/span>\n<\/div>\n<div class=\"input-group\">\n<span class=\"wpcf7-form-control-wrap departure_city\"><input type=\"text\" name=\"departure_city\" value=\"\" size=\"40\" class=\"wpcf7-form-control wpcf7-text wpcf7-validates-as-required\" aria-required=\"true\" aria-invalid=\"false\" placeholder=\"D\u00e9part\" \/><\/span>\n<\/div>\n<div class=\"input-group\">\n<span class=\"wpcf7-form-control-wrap delivery_city\"><input type=\"text\" name=\"delivery_city\" value=\"\" size=\"40\" class=\"wpcf7-form-control wpcf7-text\" aria-invalid=\"false\" placeholder=\"Destination\" \/><\/span>\n<\/div>\n<div class=\"input-group\">\n<span class=\"wpcf7-form-control-wrap total_weight\"><input type=\"text\" name=\"total_weight\" value=\"\" size=\"40\" class=\"wpcf7-form-control wpcf7-text\" aria-invalid=\"false\" placeholder=\"Poids Total (KG)\" \/><\/span>\n<\/div>\n<\/div>\n<div class=\"col-lg-6 col-md-6 col-sm-6 col-xs-12\">\n<div class=\"input-group\">\n<span class=\"wpcf7-form-control-wrap dimension\"><input type=\"text\" name=\"dimension\" value=\"\" size=\"40\" class=\"wpcf7-form-control wpcf7-text\" aria-invalid=\"false\" placeholder=\"Dimension\" \/><\/span>\n<\/div>\n<div class=\"input-group\">\n<span class=\"wpcf7-form-control-wrap email\"><input type=\"email\" name=\"email\" value=\"\" size=\"40\" class=\"wpcf7-form-control wpcf7-text wpcf7-email wpcf7-validates-as-required wpcf7-validates-as-email\" aria-required=\"true\" aria-invalid=\"false\" placeholder=\"Email\" \/><\/span>\n<\/div>\n<div class=\"input-group\">\n<span class=\"wpcf7-form-control-wrap message\"><textarea name=\"message\" cols=\"40\" rows=\"10\" class=\"wpcf7-form-control wpcf7-textarea\" aria-invalid=\"false\" placeholder=\"Message\"><\/textarea><\/span>\n<\/div>\n<div class=\"input-group\">\n<button class=\"button size-sm fullwidth white-text theme-wpcf7-submit\">Envoyer <i class=\"stm-arrow-next\"><\/i><\/button>\n<\/div>\n<\/div>\n<\/div>\n<\/div>\n<div class=\"wpcf7-response-output\" aria-hidden=\"true\"><\/div><\/form><\/div>[\/vc_column_inner][\/vc_row_inner][\/vc_column][\/vc_row][vc_row full_width=\u00a0\u00bbstretch_row_content_no_spaces\u00a0\u00bb css=\u00a0\u00bb.vc_custom_1446716672180{margin-bottom: 0px !important;}\u00a0\u00bb][vc_column][stm_gmap map_zoom=\u00a0\u00bb18&Prime; disable_mouse_whell=\u00a0\u00bbdisable\u00a0\u00bb marker=\u00a0\u00bb1241&Prime;][stm_gmap_address title=\u00a0\u00bbANNABA Head Office\u00a0\u00bb address=\u00a0\u00bb02 Rue Hacene-Chaouch Azzedinne (Beausejour),<br \/>\n23000 Annaba, Alg\u00e9rie\u00a0\u00bb phone=\u00a0\u00bb+ 213 (0)38 45 12 82&Prime; email=\u00a0\u00bbgestionparc@tristar-logistics.com\u00a0\u00bb lat=\u00a0\u00bb51.507351&Prime; lng=\u00a0\u00bb-0.127758&Prime;][stm_gmap_address title=\u00a0\u00bbALGER OFFICE\u00a0\u00bb address=\u00a0\u00bbCentre Commercial Mohamadia MALL Etage N\u00b006 Bureau N\u00b01226<br \/>\n16000 Alger, Alg\u00e9rie\u00a0\u00bb phone=\u00a0\u00bb+ 213 (0)23 83 50 95&Prime; email=\u00a0\u00bbalg.office@tristar-logistics.com\u00a0\u00bb lat=\u00a0\u00bb52.520007&Prime; lng=\u00a0\u00bb13.404954&Prime;][stm_gmap_address title=\u00a0\u00bbSKIKDA OFFICE\u00a0\u00bb address=\u00a0\u00bb19 Rue Mahmoud Nafir<br \/>\n21000 SKIKDA \u00a0\u00bb phone=\u00a0\u00bb+ 213 (0)38 76 25 96&Prime; email=\u00a0\u00bbskikda.office@tristar-logistics.com\u00a0\u00bb lat=\u00a0\u00bb40.416775&Prime; lng=\u00a0\u00bb-3.703790&Prime;][stm_gmap_address title=\u00a0\u00bbJIJEL OFFICE\u00a0\u00bb address=\u00a0\u00bbRue de la R\u00e9volution, Taher<br \/>\n18000 JIJEL \u00a0\u00bb phone=\u00a0\u00bb+ 213 (0)38 76 42 35&Prime; email=\u00a0\u00bbjijel.office@tristar-logistics.com\u00a0\u00bb lat=\u00a0\u00bb34.052234&Prime; lng=\u00a0\u00bb-118.243685&Prime;][stm_gmap_address title=\u00a0\u00bbHASSI MESSAOUD OFFICE\u00a0\u00bb address=\u00a0\u00bbCit\u00e9 Masjid El-Atik N\u00b014<br \/>\nHASSI MESSAOUD\u00a0\u00bb phone=\u00a0\u00bb+ 213 (0)29 73 72 34 \u00a0\u00bb email=\u00a0\u00bbhme.office@tristar-logistics.com\u00a0\u00bb lat=\u00a0\u00bb40.712784&Prime; lng=\u00a0\u00bb-74.005941&Prime;][stm_gmap_address title=\u00a0\u00bbORAN OFFICE\u00a0\u00bb address=\u00a0\u00bb15 rue du 20 ao\u00fbt 1955 (ex-rue de la vielle mosqu\u00e9e)<br \/>\n31000 ORAN \u00a0\u00bb phone=\u00a0\u00bb+ 213 (0)41 33 56 88 \u00a0\u00bb email=\u00a0\u00bboran.office@tristar-logistics.com\u00a0\u00bb lat=\u00a0\u00bb25.761680&Prime; lng=\u00a0\u00bb-80.191790&Prime;][\/stm_gmap][\/vc_column][\/vc_row]<\/p>\n","protected":false},"excerpt":{"rendered":"<p>[vc_row full_width=\u00a0\u00bbstretch_row_content_no_spaces\u00a0\u00bb css=\u00a0\u00bb.vc_custom_1445941555299{margin-bottom: 0px !important;}\u00a0\u00bb][vc_column offset=\u00a0\u00bbvc_hidden-xs\u00a0\u00bb][rev_slider_vc alias=\u00a0\u00bbboxed-slider\u00a0\u00bb][\/vc_column][\/vc_row][vc_row full_width=\u00a0\u00bbstretch_row\u00a0\u00bb el_class=\u00a0\u00bbbase_bg_color no_overflow_hidden\u00a0\u00bb css=\u00a0\u00bb.vc_custom_1448432556856{margin-bottom: 80px !important;}\u00a0\u00bb][vc_column width=\u00a0\u00bb1\/4&Prime; offset=\u00a0\u00bbvc_hidden-xs\u00a0\u00bb][stm_rev_slider_nav title=\u00a0\u00bbTRANSPORT\u00a0\u00bb icon=\u00a0\u00bbstm-transport842&Prime; slide_number=\u00a0\u00bb1&Prime;][\/vc_column][vc_column width=\u00a0\u00bb1\/4&Prime; offset=\u00a0\u00bbvc_hidden-xs\u00a0\u00bb][stm_rev_slider_nav title=\u00a0\u00bbLOGISTIQUE\u00a0\u00bb icon=\u00a0\u00bbstm-transport839&Prime; slide_number=\u00a0\u00bb2&Prime;][\/vc_column][vc_column width=\u00a0\u00bb1\/4&Prime; offset=\u00a0\u00bbvc_hidden-xs\u00a0\u00bb][stm_rev_slider_nav title=\u00a0\u00bbD\u00c9DOUANEMENT\u00a0\u00bb icon=\u00a0\u00bbstm-ship\u00a0\u00bb slide_number=\u00a0\u00bb3&Prime;][\/vc_column][vc_column width=\u00a0\u00bb1\/4&Prime; offset=\u00a0\u00bbvc_hidden-xs\u00a0\u00bb][stm_rev_slider_nav title=\u00a0\u00bbENTREPOSAGE\u00a0\u00bb icon=\u00a0\u00bbstm-warehouse\u00a0\u00bb slide_number=\u00a0\u00bb4&Prime;][\/vc_column][\/vc_row][vc_row&#8230;<\/p>\n","protected":false},"author":1,"featured_media":0,"parent":0,"menu_order":0,"comment_status":"closed","ping_status":"open","template":"","meta":[],"_links":{"self":[{"href":"https:\/\/tristar-logistics.com\/index.php\/wp-json\/wp\/v2\/pages\/618"}],"collection":[{"href":"https:\/\/tristar-logistics.com\/index.php\/wp-json\/wp\/v2\/pages"}],"about":[{"href":"https:\/\/tristar-logistics.com\/index.php\/wp-json\/wp\/v2\/types\/page"}],"author":[{"embeddable":true,"href":"https:\/\/tristar-logistics.com\/index.php\/wp-json\/wp\/v2\/users\/1"}],"replies":[{"embeddable":true,"href":"https:\/\/tristar-logistics.com\/index.php\/wp-json\/wp\/v2\/comments?post=618"}],"version-history":[{"count":106,"href":"https:\/\/tristar-logistics.com\/index.php\/wp-json\/wp\/v2\/pages\/618\/revisions"}],"predecessor-version":[{"id":1419,"href":"https:\/\/tristar-logistics.com\/index.php\/wp-json\/wp\/v2\/pages\/618\/revisions\/1419"}],"wp:attachment":[{"href":"https:\/\/tristar-logistics.com\/index.php\/wp-json\/wp\/v2\/media?parent=618"}],"curies":[{"name":"wp","href":"https:\/\/api.w.org\/{rel}","templated":true}]}}